{"id":107,"date":"2020-11-02T11:21:03","date_gmt":"2020-11-02T11:21:03","guid":{"rendered":"http:\/\/toestersaenger.de\/?page_id=107"},"modified":"2024-02-26T15:41:36","modified_gmt":"2024-02-26T15:41:36","slug":"wir-ueber-uns","status":"publish","type":"page","link":"https:\/\/toestersaenger.de\/?page_id=107","title":{"rendered":"Wir \u00fcber uns!"},"content":{"rendered":"\n<p class=\"has-text-align-left\">Wir sind rund 25 M\u00e4nner, die sich <span style=\"text-decoration: underline;\">jeden Donnerstag um 19:20 Uhr  im Konferenzraum des Herbergsvereins Tostedt (Bremer Str. 37) <\/span>treffen, um miteinander fr\u00f6hlich aber auch ernsthaft zu proben, Neues einzustudieren oder Altes wieder aufzufrischen. Da haben wir \u2013 und nat\u00fcrlich unsere Chorleitung \u2013 schon einen gewissen Anspruch an die Qualit\u00e4t unseres Gesanges. <\/p>\n\n\n\n<p class=\"has-text-align-left\">Unser <span style=\"text-decoration: underline;\">Verein singt<\/span> haupts\u00e4chlich 4-stimmige A-Cappella-Chors\u00e4tze. Kirchlicher Gesang sowie stimmungsvolle Volks-, und Heimatlieder geh\u00f6ren ebenso zu unserem Repertoire wie Seemanns-und Liebeslieder.<\/p>\n\n\n<div class=\"wp-block-image\">\n<figure class=\"aligncenter size-large is-resized\"><img loading=\"lazy\" decoding=\"async\" src=\"http:\/\/toestersaenger.de\/wp-content\/uploads\/2020\/11\/grafik-117.png\" alt=\"\" class=\"wp-image-370\" width=\"273\" height=\"181\" srcset=\"https:\/\/toestersaenger.de\/wp-content\/uploads\/2020\/11\/grafik-117.png 605w, https:\/\/toestersaenger.de\/wp-content\/uploads\/2020\/11\/grafik-117-300x200.png 300w, https:\/\/toestersaenger.de\/wp-content\/uploads\/2020\/11\/grafik-117-555x370.png 555w\" sizes=\"auto, (max-width: 273px) 100vw, 273px\" \/><figcaption><strong><span style=\"color:#003ba3\" class=\"has-inline-color\">Die T\u00f6ster S\u00e4nger beim Singen zum Volkstrauertag in der ev.Johanneskirche in Tostedt.<\/span><\/strong><\/figcaption><\/figure>\n<\/div>\n\n\n<p class=\"has-text-align-left\">Wir sind zwar ein Gesangverein, aber <span style=\"text-decoration: underline;\">\u201cVereinsmeierei\u201d <\/span>gibt es bei uns nicht. Daf\u00fcr sorgt schon unser Vorstand, der alles fest im Griff hat und stets Umsicht und \u00dcbersicht beh\u00e4lt. Wir nennen uns \u201cT\u00f6ster S\u00e4nger\u201d \u2013 M\u00e4nnergesangverein Tostedt von 1857 e.V. und haben als eingetragener Verein eine Satzung. Die Gemeinn\u00fctzigkeit unserer T\u00e4tigkeit ist fiskalisch anerkannt. Nat\u00fcrlich sind wir Mitglied des Chorverbandes Niedersachsen\/Bremen.<\/p>\n\n\n\n<p>Als Verein haben wir nat\u00fcrlich auch einen <span style=\"text-decoration: underline;\">Vereinsbeitrag<\/span>. Zur Zeit werden 110 Euro pro Jahr von jedem Mitglied durch unseren Kassierer eingesammelt. Davon werden neben den allgemein \u00fcblichen Vereinsausgaben die Noten und der Chorleiter bezahlt. <\/p>\n\n\n\n<p>Das Proben und die Auftritte lassen aber auch <span style=\"text-decoration: underline;\">Freiraum f\u00fcr den Spa\u00df<\/span>: Wir gehen zusammen Kegeln oder Bosseln, spielen gemeinsam mit unseren Frauen Bingo und es werden Ausfahrten, Himmelfahrttouren und \u00e4hnliches veranstaltet. <\/p>\n\n\n\n<p class=\"has-text-align-left\">\u00dcbrigens, wir sind ein M\u00e4nnergesangverein, aber es d\u00fcrfen selbst-verst\u00e4ndlich auch Frauen bei uns Mitglied werden.<\/p>\n\n\n\n<p class=\"has-text-align-center\"><strong><span style=\"text-decoration: underline;\"><mark style=\"background-color:rgba(0, 0, 0, 0)\" class=\"has-inline-color has-vivid-red-color\">2017<u> <\/u><\/mark><\/span><u><mark style=\"background-color:rgba(0, 0, 0, 0)\" class=\"has-inline-color has-vivid-red-color\">feierten<\/mark><\/u><u><mark style=\"background-color:rgba(0, 0, 0, 0)\" class=\"has-inline-color has-vivid-red-color\"> wir unser 160-j\u00e4hriges Vereinsjubil\u00e4um.<\/mark><\/u><\/strong><\/p>\n\n\n<div class=\"wp-block-image\">\n<figure class=\"aligncenter\"><img loading=\"lazy\" decoding=\"async\" width=\"300\" height=\"184\" src=\"http:\/\/toestersaenger.de\/wp-content\/uploads\/2016\/05\/P6110019-Kopie-300x184.jpg\" alt=\"\" class=\"wp-image-75\" srcset=\"https:\/\/toestersaenger.de\/wp-content\/uploads\/2016\/05\/P6110019-Kopie-300x184.jpg 300w, https:\/\/toestersaenger.de\/wp-content\/uploads\/2016\/05\/P6110019-Kopie-1024x628.jpg 1024w, https:\/\/toestersaenger.de\/wp-content\/uploads\/2016\/05\/P6110019-Kopie-768x471.jpg 768w, https:\/\/toestersaenger.de\/wp-content\/uploads\/2016\/05\/P6110019-Kopie-1536x943.jpg 1536w, https:\/\/toestersaenger.de\/wp-content\/uploads\/2016\/05\/P6110019-Kopie-2048x1257.jpg 2048w, https:\/\/toestersaenger.de\/wp-content\/uploads\/2016\/05\/P6110019-Kopie-555x341.jpg 555w\" sizes=\"auto, (max-width: 300px) 100vw, 300px\" \/><figcaption><strong><mark style=\"background-color:rgba(0, 0, 0, 0);color:#1606e5\" class=\"has-inline-color\">Die T\u00f6ster S\u00e4nger am 11. Juni 2017 beim Jubil\u00e4umssingen in der Sch\u00fctzenhalle in Tostedt, anl\u00e4\u00dflich des 160. Jubil\u00e4ums ihres Vereins.<\/mark><\/strong><\/figcaption><\/figure>\n<\/div>\n\n\n<p><strong><span style=\"text-decoration: underline;\"><mark style=\"background-color:rgba(0, 0, 0, 0)\" class=\"has-inline-color has-vivid-red-color\">Unsere <u>Chorproben<\/u> finden  <u>immer Donnerstags von 19.20 bis 21.30 Uhr <\/u><\/mark><mark style=\"background-color:rgba(0, 0, 0, 0);color:#2e06e5\" class=\"has-inline-color\"><u>im Konferenzraum<\/u> des Herbergsvereins Tostedt<\/mark><mark style=\"background-color:rgba(0, 0, 0, 0)\" class=\"has-inline-color has-vivid-red-color\"> (Bremer Str. 37) statt.<\/mark><\/span><\/strong><\/p>\n\n\n\n<p>Auf einer unserer alten <span style=\"text-decoration: underline;\"><strong>Vereinsfahnen<\/strong><\/span> steht das Motto unserer Altvorderen:<\/p>\n\n\n\n<p class=\"has-text-align-center\"><strong><span style=\"color:#0608e5\" class=\"has-inline-color\">&nbsp;Sind wir von der Arbeit m\u00fcde,<br>ist noch Kraft zu einem Liede!<\/span><\/strong><\/p>\n\n\n\n<p class=\"has-text-align-center\"><mark style=\"background-color:rgba(0, 0, 0, 0);color:#d12e2e\" class=\"has-inline-color\"><strong>Das gilt f\u00fcr uns auch heute noch.<\/strong><\/mark><\/p>\n\n\n\n<p><\/p>\n","protected":false},"excerpt":{"rendered":"<p>Wir sind rund 25 M\u00e4nner, die sich jeden Donnerstag um 19:20 Uhr im Konferenzraum des Herbergsvereins Tostedt (Bremer Str. 37) treffen, um miteinander fr\u00f6hlich aber auch ernsthaft zu proben, Neues einzustudieren oder Altes wieder aufzufrischen. Da haben wir \u2013 und nat\u00fcrlich unsere Chorleitung \u2013 schon einen gewissen Anspruch an die Qualit\u00e4t unseres Gesanges. Unser Verein &hellip; <\/p>\n<p><a class=\"more-link btn\" href=\"https:\/\/toestersaenger.de\/?page_id=107\">Weiterlesen<\/a><\/p>\n","protected":false},"author":1,"featured_media":0,"parent":0,"menu_order":0,"comment_status":"closed","ping_status":"closed","template":"","meta":{"footnotes":""},"class_list":["post-107","page","type-page","status-publish","hentry","nodate","item-wrap"],"_links":{"self":[{"href":"https:\/\/toestersaenger.de\/index.php?rest_route=\/wp\/v2\/pages\/107","targetHints":{"allow":["GET"]}}],"collection":[{"href":"https:\/\/toestersaenger.de\/index.php?rest_route=\/wp\/v2\/pages"}],"about":[{"href":"https:\/\/toestersaenger.de\/index.php?rest_route=\/wp\/v2\/types\/page"}],"author":[{"embeddable":true,"href":"https:\/\/toestersaenger.de\/index.php?rest_route=\/wp\/v2\/users\/1"}],"replies":[{"embeddable":true,"href":"https:\/\/toestersaenger.de\/index.php?rest_route=%2Fwp%2Fv2%2Fcomments&post=107"}],"version-history":[{"count":25,"href":"https:\/\/toestersaenger.de\/index.php?rest_route=\/wp\/v2\/pages\/107\/revisions"}],"predecessor-version":[{"id":876,"href":"https:\/\/toestersaenger.de\/index.php?rest_route=\/wp\/v2\/pages\/107\/revisions\/876"}],"wp:attachment":[{"href":"https:\/\/toestersaenger.de\/index.php?rest_route=%2Fwp%2Fv2%2Fmedia&parent=107"}],"curies":[{"name":"wp","href":"https:\/\/api.w.org\/{rel}","templated":true}]}}