{"id":177,"date":"2020-11-04T10:00:57","date_gmt":"2020-11-04T10:00:57","guid":{"rendered":"http:\/\/toestersaenger.de\/?page_id=177"},"modified":"2023-04-24T10:21:36","modified_gmt":"2023-04-24T10:21:36","slug":"geschichte","status":"publish","type":"page","link":"https:\/\/toestersaenger.de\/?page_id=177","title":{"rendered":"Geschichte"},"content":{"rendered":"<h2>Ein wenig \u00fcber die Historie des Vereins<\/h2>\n<p style=\"text-align: justify;\">Das \u00e4ltere <strong><span style=\"text-decoration: underline;\">Fundament des heutigen Vereins<\/span><\/strong> wurde <span style=\"text-decoration: underline;\"><strong>im Mai 1857<\/strong><\/span> von sieben M\u00e4nnern aus Tostedt a<strong>ls <span style=\"color: #ff0000;\">&#8222;Liedertafel Eintracht&#8220;<\/span><\/strong> gelegt &#8211; zur Pflege des deutschen Liedgutes und der Geselligkeit. Nur Selbst\u00e4ndige, Meister und Beamte konnten dem Verein beitreten. Wie aus den Protokollen der ersten Jahre hervorgeht, waren M\u00e4nner aus vielen in Tostedt heute noch ans\u00e4ssigen Familien im Gesangverein vertreten. Die <span style=\"color: #0000ff;\"><strong>Vereinsfahne von 1886<\/strong> <\/span>sowie einige Schriftst\u00fccke aus dieser Zeit sind<strong> noch vorhanden<\/strong>. W\u00e4hrend des ersten Weltkrieges ruhte der Singbetrieb, aber gleich danach wurde er von den heimgekehrten S\u00e4ngern wieder aufgenommen. Das <strong><span style=\"text-decoration: underline;\">zweite Fundament, der<\/span> &#8222;<span style=\"color: #ff0000;\">M\u00e4nner-Gesangverein Harmonie&#8220;<\/span><span style=\"text-decoration: underline;\">,<\/span> wurde <span style=\"text-decoration: underline;\">1919 begr\u00fcndet<\/span><\/strong><span style=\"text-decoration: underline;\"><strong>.<\/strong><\/span> In ihm waren haupts\u00e4chlich Arbeiter, Gesellen und Knechte als Mitglieder eingeschrieben. Auch die <strong><span style=\"color: #0000ff;\">Fahne dieses Vereins &#8211; von 1921<\/span> &#8211; ist noch erhalten<\/strong>. Beide Gesangvereine konnten in Tostedt gut nebeneinander bestehen. Man nahm an Wertungssingen teil, gewann dabei auch den einen oder anderen Preis, trat bei jeder sich bietenden Gelegenheit \u00f6ffentlich auf und lie\u00df neben der ernsthaften Probenarbeit auch die Geselligkeit nicht zu kurz kommen.<\/p>\n<p style=\"text-align: justify;\">Der zweite Weltkrieg unterbrach die Vereinst\u00e4tigkeit in Tostedt. Wie schon Jahrzehnte vorher kamen nach Ende des Krieges die heimgekehrten M\u00e4nner zusammen, um den Gesangvereinen neues Leben einzuhauchen. Aber jetzt war eine andere Zeit: Das Wirtschaftwunder begann, neue Medien kamen auf den Markt; man musste weit zur Arbeit fahren und hatte dann abends nicht mehr die Lust oder die Kraft, sich in einem Verein fest zu engagieren. Das hie\u00df konkret f\u00fcr die beiden Gesangvereine: immer weniger Mitglieder, die f\u00fcr den vierstimmigen M\u00e4nnergesang kaum noch ausreichten. Um dem M\u00e4nnergesang in Tostedt eine Chance zu geben, entschlossen sich die beiden Vereinsvorst\u00e4nde<strong><span style=\"text-decoration: underline;\"><span style=\"color: #ff0000; text-decoration: underline;\"> am 8. Nov. 1961,<\/span> die Liedertafel Eintracht und den M\u00e4nner-Gesangverein Harmonie zum &#8222;M\u00e4nner-Gesangverein Tostedt von 1857 e.V.&#8220; zusammenzuschlie\u00dfen<\/span><\/strong> <span style=\"color: #0000ff;\">(<strong>ab 2001 Umbenennung in &#8222;T\u00f6ster S\u00e4nger<\/strong>&#8222;)<\/span>.<\/p>\n<p><img loading=\"lazy\" decoding=\"async\" class=\"wp-image-439 aligncenter\" src=\"http:\/\/toestersaenger.de\/wp-content\/uploads\/2020\/11\/07-03-10-Maennerchor-004-300x200.jpg\" alt=\"\" width=\"263\" height=\"175\" srcset=\"https:\/\/toestersaenger.de\/wp-content\/uploads\/2020\/11\/07-03-10-Maennerchor-004-300x200.jpg 300w, https:\/\/toestersaenger.de\/wp-content\/uploads\/2020\/11\/07-03-10-Maennerchor-004-1024x683.jpg 1024w, https:\/\/toestersaenger.de\/wp-content\/uploads\/2020\/11\/07-03-10-Maennerchor-004-768x512.jpg 768w, https:\/\/toestersaenger.de\/wp-content\/uploads\/2020\/11\/07-03-10-Maennerchor-004-1536x1024.jpg 1536w, https:\/\/toestersaenger.de\/wp-content\/uploads\/2020\/11\/07-03-10-Maennerchor-004-2048x1365.jpg 2048w, https:\/\/toestersaenger.de\/wp-content\/uploads\/2020\/11\/07-03-10-Maennerchor-004-555x370.jpg 555w\" sizes=\"auto, (max-width: 263px) 100vw, 263px\" \/><\/p>\n<p style=\"text-align: center;\"><span style=\"color: #0000ff;\">Der Vorstand der T\u00f6ster S\u00e4nger 2007 mit einer der restaurierten Vereinsfahnen des Vereines vor dem Rathaus Tostedt.<\/span><\/p>\n<p style=\"text-align: justify;\">Wieder war ein neuer Anfang gemacht worden, und man konnte auf der neuen Basis aufbauen. Knapp 20 unentwegte S\u00e4nger hielten den Verein \u00fcber die Jahre am Leben &#8211; einen Verein, der als M\u00e4nnergesangverein gegr\u00fcndet wurde und bis heute in dieser Tradition steht. Langsam ging es wieder aufw\u00e4rts. Chorgesang scheint den ihm geb\u00fchrenden Stellenwert zur\u00fcckzugewinnen, und zur Zeit sind es 25 aktive S\u00e4nger, die sich jeden Donnerstag abends zur Probe treffen.<\/p>\n<p><img loading=\"lazy\" decoding=\"async\" class=\"wp-image-232 aligncenter\" src=\"http:\/\/toestersaenger.de\/wp-content\/uploads\/2020\/11\/grafik-43.png\" alt=\"\" width=\"249\" height=\"187\" \/><\/p>\n<p style=\"text-align: center;\"><span style=\"color: #0000ff;\">Die T\u00f6ster S\u00e4nger bei einem geselligen Neujahrsfr\u00fchst\u00fcck im Gasthaus &#8222;Wiechern&#8220; in Todtgl\u00fcsingen.<\/span><\/p>\n<p style=\"text-align: justify;\"><span style=\"color: #ff0000;\"><strong>Am 11. Juni 2017 begingen wir das 160. Jubil\u00e4um unseres Vereins<\/strong>.<\/span> \u00dcber 160 Jahre M\u00e4nnergesang in Tostedt, das ist eine lange Zeit. Wir freuen uns, dass es uns gelungen ist, diese Tradition bis zum heutigen Tag zu pflegen. Unser Wunsch f\u00fcr die Zukunft ist nat\u00fcrlich, dass es weiterhin M\u00e4nner in Tostedt gibt, die sich zum gemeinsamen Singen treffen. Ganz besonders w\u00fcnschen wir uns junge Leute, die den Verein weit in das gerade begonnene Jahrtausend tragen werden.<\/p>\n<p style=\"text-align: center;\"><span style=\"color: #ff0000;\"><strong><span style=\"color: #0000ff;\">Darum rufen wir allen M\u00e4nnern in Tostedt und der Umgebung zu:<\/span> <\/strong><\/span><\/p>\n<p><img loading=\"lazy\" decoding=\"async\" class=\"wp-image-166 size-medium aligncenter\" src=\"http:\/\/toestersaenger.de\/wp-content\/uploads\/2020\/11\/Werbung-TS-bei-Bade-200x300.jpg\" alt=\"\" width=\"200\" height=\"300\" srcset=\"https:\/\/toestersaenger.de\/wp-content\/uploads\/2020\/11\/Werbung-TS-bei-Bade-200x300.jpg 200w, https:\/\/toestersaenger.de\/wp-content\/uploads\/2020\/11\/Werbung-TS-bei-Bade-683x1024.jpg 683w, https:\/\/toestersaenger.de\/wp-content\/uploads\/2020\/11\/Werbung-TS-bei-Bade-768x1152.jpg 768w, https:\/\/toestersaenger.de\/wp-content\/uploads\/2020\/11\/Werbung-TS-bei-Bade-555x833.jpg 555w, https:\/\/toestersaenger.de\/wp-content\/uploads\/2020\/11\/Werbung-TS-bei-Bade.jpg 894w\" sizes=\"auto, (max-width: 200px) 100vw, 200px\" \/><\/p>\n<p style=\"text-align: center;\"><span style=\"color: #ff0000;\"><strong>&#8222;Mann, wir brauchen Dich!&#8220;<\/strong><\/span><\/p>\n","protected":false},"excerpt":{"rendered":"<p>Ein wenig \u00fcber die Historie des Vereins Das \u00e4ltere Fundament des heutigen Vereins wurde im Mai 1857 von sieben M\u00e4nnern aus Tostedt als &#8222;Liedertafel Eintracht&#8220; gelegt &#8211; zur Pflege des deutschen Liedgutes und der Geselligkeit. Nur Selbst\u00e4ndige, Meister und Beamte konnten dem Verein beitreten. Wie aus den Protokollen der ersten Jahre hervorgeht, waren M\u00e4nner aus &hellip; <\/p>\n<p><a class=\"more-link btn\" href=\"https:\/\/toestersaenger.de\/?page_id=177\">Weiterlesen<\/a><\/p>\n","protected":false},"author":1,"featured_media":0,"parent":0,"menu_order":0,"comment_status":"closed","ping_status":"closed","template":"","meta":{"footnotes":""},"class_list":["post-177","page","type-page","status-publish","hentry","nodate","item-wrap"],"_links":{"self":[{"href":"https:\/\/toestersaenger.de\/index.php?rest_route=\/wp\/v2\/pages\/177","targetHints":{"allow":["GET"]}}],"collection":[{"href":"https:\/\/toestersaenger.de\/index.php?rest_route=\/wp\/v2\/pages"}],"about":[{"href":"https:\/\/toestersaenger.de\/index.php?rest_route=\/wp\/v2\/types\/page"}],"author":[{"embeddable":true,"href":"https:\/\/toestersaenger.de\/index.php?rest_route=\/wp\/v2\/users\/1"}],"replies":[{"embeddable":true,"href":"https:\/\/toestersaenger.de\/index.php?rest_route=%2Fwp%2Fv2%2Fcomments&post=177"}],"version-history":[{"count":13,"href":"https:\/\/toestersaenger.de\/index.php?rest_route=\/wp\/v2\/pages\/177\/revisions"}],"predecessor-version":[{"id":787,"href":"https:\/\/toestersaenger.de\/index.php?rest_route=\/wp\/v2\/pages\/177\/revisions\/787"}],"wp:attachment":[{"href":"https:\/\/toestersaenger.de\/index.php?rest_route=%2Fwp%2Fv2%2Fmedia&parent=177"}],"curies":[{"name":"wp","href":"https:\/\/api.w.org\/{rel}","templated":true}]}}