{"id":2,"date":"2016-05-10T03:48:21","date_gmt":"2016-05-10T03:48:21","guid":{"rendered":"http:\/\/toestersaenger.de\/?page_id=2"},"modified":"2026-05-03T10:36:54","modified_gmt":"2026-05-03T10:36:54","slug":"sample-page","status":"publish","type":"page","link":"https:\/\/toestersaenger.de\/","title":{"rendered":"Startseite"},"content":{"rendered":"<h4 style=\"font-weight: bold; font-size: 120%; text-align: center;\">Seit 1857 wird in Tostedt organisierter M\u00e4nnergesang gepflegt!<\/h4>\n<p style=\"font-weight: bold; font-size: 120%; text-align: center;\">Traditionelles und modernes Liedgut stehen auf dem Programm.<\/p>\n<p style=\"font-weight: bold; font-size: 120%; text-align: center;\">Ob Schubert oder Shanty, ob Mendelssohn oder Musical, geistliche Lieder oder Schlager &#8211; wir sind f\u00fcr alles offen.<\/p>\n<h4 style=\"text-align: center;\"><a href=\"https:\/\/toestersaenger.de\/?attachment_id=796\" rel=\"attachment wp-att-796\"><img loading=\"lazy\" decoding=\"async\" class=\"alignnone size-medium wp-image-796\" src=\"http:\/\/toestersaenger.de\/wp-content\/uploads\/2023\/05\/Neuer-Vorstand-mit-neuer-Chorleitung-27.04.2023-300x225.jpg\" alt=\"\" width=\"300\" height=\"225\" srcset=\"https:\/\/toestersaenger.de\/wp-content\/uploads\/2023\/05\/Neuer-Vorstand-mit-neuer-Chorleitung-27.04.2023-300x225.jpg 300w, https:\/\/toestersaenger.de\/wp-content\/uploads\/2023\/05\/Neuer-Vorstand-mit-neuer-Chorleitung-27.04.2023-768x576.jpg 768w, https:\/\/toestersaenger.de\/wp-content\/uploads\/2023\/05\/Neuer-Vorstand-mit-neuer-Chorleitung-27.04.2023-555x416.jpg 555w, https:\/\/toestersaenger.de\/wp-content\/uploads\/2023\/05\/Neuer-Vorstand-mit-neuer-Chorleitung-27.04.2023.jpg 1024w\" sizes=\"auto, (max-width: 300px) 100vw, 300px\" \/><\/a><\/h4>\n<h4 style=\"text-align: center;\"><span style=\"text-decoration: underline;\"><strong><span style=\"color: #ff0000; text-decoration: underline;\">Auf zu neuen T\u00f6nen !!!<\/span><\/strong><\/span><\/h4>\n<p style=\"text-align: center;\"><strong><span style=\"color: #333399;\">Die T\u00f6ster S\u00e4nger haben seit dem 1. April 2023 mit Ralf Lehnert\u00a0 (5. von links)\u00a0 <span style=\"color: #ff0000;\">eine neue Chorleitung und <span style=\"color: #333399;\">mit Mark Naujoks <\/span>einen neuen Schriftf\u00fchrer<\/span> (4. von links) bekommen!<\/span><\/strong><\/p>\n<p style=\"text-align: center;\"><span style=\"color: #003366;\"><a href=\"http:\/\/toestersaenger.de\/?attachment_id=871\" rel=\"attachment wp-att-871\"><img loading=\"lazy\" decoding=\"async\" class=\"alignnone size-medium wp-image-871\" src=\"http:\/\/toestersaenger.de\/wp-content\/uploads\/2024\/02\/Toester-Saenger-bei-der-Chorprobe-Nov.-2024-300x202.jpg\" alt=\"\" width=\"300\" height=\"202\" srcset=\"https:\/\/toestersaenger.de\/wp-content\/uploads\/2024\/02\/Toester-Saenger-bei-der-Chorprobe-Nov.-2024-300x202.jpg 300w, https:\/\/toestersaenger.de\/wp-content\/uploads\/2024\/02\/Toester-Saenger-bei-der-Chorprobe-Nov.-2024-1024x691.jpg 1024w, https:\/\/toestersaenger.de\/wp-content\/uploads\/2024\/02\/Toester-Saenger-bei-der-Chorprobe-Nov.-2024-768x518.jpg 768w, https:\/\/toestersaenger.de\/wp-content\/uploads\/2024\/02\/Toester-Saenger-bei-der-Chorprobe-Nov.-2024-1536x1036.jpg 1536w, https:\/\/toestersaenger.de\/wp-content\/uploads\/2024\/02\/Toester-Saenger-bei-der-Chorprobe-Nov.-2024-2048x1381.jpg 2048w, https:\/\/toestersaenger.de\/wp-content\/uploads\/2024\/02\/Toester-Saenger-bei-der-Chorprobe-Nov.-2024-555x374.jpg 555w\" sizes=\"auto, (max-width: 300px) 100vw, 300px\" \/><\/a><\/span><\/p>\n<p style=\"text-align: center;\"><span style=\"text-decoration: underline; color: #ff0000;\"><strong>Die T\u00f6ster S\u00e4nger bei ihrer Chorprobe im Herbergsverein Tostedt in der Bremer Str. 37<br \/><\/strong><\/span><\/p>\n<p><img loading=\"lazy\" decoding=\"async\" class=\"size-medium wp-image-625 aligncenter\" src=\"http:\/\/toestersaenger.de\/wp-content\/uploads\/2021\/07\/Umzug-Fahnenschraenke-TS-Turnhalle-GS-Poststr.-mit-Vorstand-08.07.2021-300x178.jpg\" alt=\"\" width=\"300\" height=\"178\" srcset=\"https:\/\/toestersaenger.de\/wp-content\/uploads\/2021\/07\/Umzug-Fahnenschraenke-TS-Turnhalle-GS-Poststr.-mit-Vorstand-08.07.2021-300x178.jpg 300w, https:\/\/toestersaenger.de\/wp-content\/uploads\/2021\/07\/Umzug-Fahnenschraenke-TS-Turnhalle-GS-Poststr.-mit-Vorstand-08.07.2021-1024x608.jpg 1024w, https:\/\/toestersaenger.de\/wp-content\/uploads\/2021\/07\/Umzug-Fahnenschraenke-TS-Turnhalle-GS-Poststr.-mit-Vorstand-08.07.2021-768x456.jpg 768w, https:\/\/toestersaenger.de\/wp-content\/uploads\/2021\/07\/Umzug-Fahnenschraenke-TS-Turnhalle-GS-Poststr.-mit-Vorstand-08.07.2021-1536x912.jpg 1536w, https:\/\/toestersaenger.de\/wp-content\/uploads\/2021\/07\/Umzug-Fahnenschraenke-TS-Turnhalle-GS-Poststr.-mit-Vorstand-08.07.2021-2048x1216.jpg 2048w, https:\/\/toestersaenger.de\/wp-content\/uploads\/2021\/07\/Umzug-Fahnenschraenke-TS-Turnhalle-GS-Poststr.-mit-Vorstand-08.07.2021-555x330.jpg 555w\" sizes=\"auto, (max-width: 300px) 100vw, 300px\" \/><\/p>\n<p style=\"text-align: center;\"><span style=\"text-decoration: underline; color: #ff0000;\"><strong>Die Vereinsfahnen der T\u00f6ster S\u00e4nger sind in den VIP &#8211; Raum der Sporthalle in der Poststra\u00dfe umgezogen.<\/strong><\/span><\/p>\n<p style=\"text-align: center;\"><span style=\"color: #ff0000;\"><a href=\"https:\/\/toestersaenger.de\/?attachment_id=929\" rel=\"attachment wp-att-929\"><img loading=\"lazy\" decoding=\"async\" class=\"alignnone  wp-image-929\" src=\"http:\/\/toestersaenger.de\/wp-content\/uploads\/2026\/01\/Abschlussfoto-Himmelfahrtausfahrt-Hamburg-29.05.2025-300x143.jpg\" alt=\"\" width=\"327\" height=\"156\" srcset=\"https:\/\/toestersaenger.de\/wp-content\/uploads\/2026\/01\/Abschlussfoto-Himmelfahrtausfahrt-Hamburg-29.05.2025-300x143.jpg 300w, https:\/\/toestersaenger.de\/wp-content\/uploads\/2026\/01\/Abschlussfoto-Himmelfahrtausfahrt-Hamburg-29.05.2025-1024x488.jpg 1024w, https:\/\/toestersaenger.de\/wp-content\/uploads\/2026\/01\/Abschlussfoto-Himmelfahrtausfahrt-Hamburg-29.05.2025-768x366.jpg 768w, https:\/\/toestersaenger.de\/wp-content\/uploads\/2026\/01\/Abschlussfoto-Himmelfahrtausfahrt-Hamburg-29.05.2025-1536x732.jpg 1536w, https:\/\/toestersaenger.de\/wp-content\/uploads\/2026\/01\/Abschlussfoto-Himmelfahrtausfahrt-Hamburg-29.05.2025-555x265.jpg 555w, https:\/\/toestersaenger.de\/wp-content\/uploads\/2026\/01\/Abschlussfoto-Himmelfahrtausfahrt-Hamburg-29.05.2025.jpg 1840w\" sizes=\"auto, (max-width: 327px) 100vw, 327px\" \/><\/a><\/span><\/p>\n<p style=\"text-align: center;\"><span style=\"color: #ff0000;\"><span style=\"text-decoration: underline;\"><strong>Ausfahrt T\u00f6ster S\u00e4nger zu Himmelfahrt nach Hamburg am 29. Mai 2025<\/strong><\/span><\/span><\/p>\n<p style=\"text-align: center;\">\u00a0\u00a0\u00a0\u00a0\u00a0\u00a0\u00a0\u00a0\u00a0\u00a0\u00a0\u00a0\u00a0\u00a0\u00a0\u00a0\u00a0\u00a0\u00a0\u00a0\u00a0\u00a0\u00a0\u00a0\u00a0\u00a0\u00a0\u00a0\u00a0\u00a0\u00a0\u00a0\u00a0\u00a0\u00a0\u00a0\u00a0\u00a0\u00a0\u00a0\u00a0\u00a0\u00a0\u00a0<span style=\"color: #0000ff;\"><a href=\"https:\/\/toestersaenger.de\/?attachment_id=918\" rel=\"attachment wp-att-918\"><img loading=\"lazy\" decoding=\"async\" class=\"alignnone size-medium wp-image-918\" src=\"http:\/\/toestersaenger.de\/wp-content\/uploads\/2025\/02\/Bilder-Ehrung-Herbert-GaniaHorst-Oetjen-6.2.2025.jpg-2-225x300.jpg\" alt=\"\" width=\"225\" height=\"300\" srcset=\"https:\/\/toestersaenger.de\/wp-content\/uploads\/2025\/02\/Bilder-Ehrung-Herbert-GaniaHorst-Oetjen-6.2.2025.jpg-2-225x300.jpg 225w, https:\/\/toestersaenger.de\/wp-content\/uploads\/2025\/02\/Bilder-Ehrung-Herbert-GaniaHorst-Oetjen-6.2.2025.jpg-2-768x1024.jpg 768w, https:\/\/toestersaenger.de\/wp-content\/uploads\/2025\/02\/Bilder-Ehrung-Herbert-GaniaHorst-Oetjen-6.2.2025.jpg-2-1152x1536.jpg 1152w, https:\/\/toestersaenger.de\/wp-content\/uploads\/2025\/02\/Bilder-Ehrung-Herbert-GaniaHorst-Oetjen-6.2.2025.jpg-2-1536x2048.jpg 1536w, https:\/\/toestersaenger.de\/wp-content\/uploads\/2025\/02\/Bilder-Ehrung-Herbert-GaniaHorst-Oetjen-6.2.2025.jpg-2-555x740.jpg 555w, https:\/\/toestersaenger.de\/wp-content\/uploads\/2025\/02\/Bilder-Ehrung-Herbert-GaniaHorst-Oetjen-6.2.2025.jpg-2-scaled.jpg 1920w\" sizes=\"auto, (max-width: 225px) 100vw, 225px\" \/><\/a>\u00a0 \u00a0\u00a0\u00a0\u00a0\u00a0\u00a0\u00a0\u00a0<\/span>\u00a0\u00a0\u00a0\u00a0\u00a0\u00a0 \u00a0\u00a0\u00a0\u00a0\u00a0\u00a0\u00a0\u00a0\u00a0\u00a0\u00a0\u00a0\u00a0\u00a0\u00a0\u00a0\u00a0\u00a0\u00a0\u00a0\u00a0\u00a0\u00a0\u00a0\u00a0\u00a0\u00a0<\/p>\n<p style=\"text-align: center;\"><span style=\"color: #ff0000;\"><strong><span style=\"text-decoration: underline;\">Ehrung unseres <span style=\"color: #333399; text-decoration: underline;\">Sangesbruders Herbert Gania (2.v.r.)<\/span> f\u00fcr 60 Jahre aktives Singen und unseres <span style=\"color: #333399; text-decoration: underline;\">Sangesbruders Horst Oetjen (1.v.l.)<\/span> f\u00fcr 10 Jahre aktives Singen durch den<span style=\"color: #000000; text-decoration: underline;\"> 1. Vorsitzenden des Kreischorverbandes Harburg &#8211; Winsen<\/span> Bernhard Riekmann (1.v.r.) am 5. Februar 2025<\/span>\u00a0<br \/><\/strong><\/span><\/p>\n<p style=\"font-weight: bold; font-size: 120%; text-align: center;\"><span style=\"color: #800000;\">Und immer daran denken: Singen macht Freu(n)de<\/span><\/p>\n<p style=\"font-weight: bold; font-size: 100%; text-align: center;\">\u00a0<\/p>\n\n\n<h3 class=\"wp-block-heading has-text-align-center\"><strong>Willkommen bei den T\u00f6ster S\u00e4ngern<\/strong><\/h3>\n\n\n\n<p><\/p>\n","protected":false},"excerpt":{"rendered":"<p>Seit 1857 wird in Tostedt organisierter M\u00e4nnergesang gepflegt! Traditionelles und modernes Liedgut stehen auf dem Programm. Ob Schubert oder Shanty, ob Mendelssohn oder Musical, geistliche Lieder oder Schlager &#8211; wir sind f\u00fcr alles offen. Auf zu neuen T\u00f6nen !!! Die T\u00f6ster S\u00e4nger haben seit dem 1. April 2023 mit Ralf Lehnert\u00a0 (5. von links)\u00a0 eine &hellip; <\/p>\n<p><a class=\"more-link btn\" href=\"https:\/\/toestersaenger.de\/\">Weiterlesen<\/a><\/p>\n","protected":false},"author":1,"featured_media":0,"parent":0,"menu_order":0,"comment_status":"closed","ping_status":"open","template":"","meta":{"footnotes":""},"class_list":["post-2","page","type-page","status-publish","hentry","nodate","item-wrap"],"_links":{"self":[{"href":"https:\/\/toestersaenger.de\/index.php?rest_route=\/wp\/v2\/pages\/2","targetHints":{"allow":["GET"]}}],"collection":[{"href":"https:\/\/toestersaenger.de\/index.php?rest_route=\/wp\/v2\/pages"}],"about":[{"href":"https:\/\/toestersaenger.de\/index.php?rest_route=\/wp\/v2\/types\/page"}],"author":[{"embeddable":true,"href":"https:\/\/toestersaenger.de\/index.php?rest_route=\/wp\/v2\/users\/1"}],"replies":[{"embeddable":true,"href":"https:\/\/toestersaenger.de\/index.php?rest_route=%2Fwp%2Fv2%2Fcomments&post=2"}],"version-history":[{"count":99,"href":"https:\/\/toestersaenger.de\/index.php?rest_route=\/wp\/v2\/pages\/2\/revisions"}],"predecessor-version":[{"id":944,"href":"https:\/\/toestersaenger.de\/index.php?rest_route=\/wp\/v2\/pages\/2\/revisions\/944"}],"wp:attachment":[{"href":"https:\/\/toestersaenger.de\/index.php?rest_route=%2Fwp%2Fv2%2Fmedia&parent=2"}],"curies":[{"name":"wp","href":"https:\/\/api.w.org\/{rel}","templated":true}]}}